{"id":1413,"date":"2018-12-18T20:09:49","date_gmt":"2018-12-18T20:09:49","guid":{"rendered":"http:\/\/test.o-nauce.pl\/?page_id=1413"},"modified":"2018-12-21T07:29:08","modified_gmt":"2018-12-21T07:29:08","slug":"historia-copy-3","status":"publish","type":"page","link":"https:\/\/www.o-nauce.pl\/?page_id=1413","title":{"rendered":"Kultura"},"content":{"rendered":"<p>[et_pb_section bb_built=&#8221;1&#8243; _builder_version=&#8221;3.18.2&#8243; background_color=&#8221;#f0f2f3&#8243; background_image=&#8221;http:\/\/o-nauce.pl\/wp-content\/uploads\/2018\/12\/sztuka.jpg&#8221; top_divider_style=&#8221;slant2&#8243; top_divider_flip=&#8221;horizontal&#8221; custom_css_before=&#8221;position:absolute;||top:25px;||left:-7px;||display:block;||content:%22Kategoria: Kultura%22;||color:#F0F2F3;||background-color:rgba(23,75,139,1);||padding:8px 25px;||border-radius:2px;||z-index:102!important;||font-size: 32px;||font-family: 'Merriweather&#8217;,Georgia,%22Times New Roman%22,serif;;||&#8221; next_background_color=&#8221;#2a5a53&#8243;][et_pb_row gutter_width=&#8221;2&#8243; _builder_version=&#8221;3.18.2&#8243; background_size=&#8221;initial&#8221; background_position=&#8221;top_left&#8221; background_repeat=&#8221;repeat&#8221; use_custom_gutter=&#8221;on&#8221;][et_pb_column type=&#8221;4_4&#8243;][et_pb_blog fullwidth=&#8221;off&#8221; posts_number=&#8221;12&#8243; include_categories=&#8221;6&#8243; show_more=&#8221;on&#8221; show_author=&#8221;off&#8221; show_categories=&#8221;off&#8221; module_id=&#8221;gridcard&#8221; _builder_version=&#8221;3.18.2&#8243; show_date=&#8221;off&#8221; \/][\/et_pb_column][\/et_pb_row][\/et_pb_section][et_pb_section bb_built=&#8221;1&#8243; specialty=&#8221;off&#8221; prev_background_color=&#8221;#f0f2f3&#8243; _builder_version=&#8221;3.18.2&#8243; background_color=&#8221;#2a5a53&#8243; top_divider_style=&#8221;slant2&#8243; top_divider_flip=&#8221;horizontal&#8221; top_divider_color=&#8221;#f0f2f3&#8243; top_divider_arrangement=&#8221;above_content&#8221; global_module=&#8221;1226&#8243;][et_pb_row global_parent=&#8221;1226&#8243; background_position=&#8221;top_left&#8221; background_repeat=&#8221;repeat&#8221; background_size=&#8221;initial&#8221;][et_pb_column type=&#8221;1_3&#8243;][et_pb_blurb global_parent=&#8221;1226&#8243; _builder_version=&#8221;3.18.2&#8243; title=&#8221;O nauce&#8221; use_icon=&#8221;on&#8221; font_icon=&#8221;%%103%%&#8221; icon_color=&#8221;#f0f2f3&#8243; use_circle=&#8221;on&#8221; icon_placement=&#8221;left&#8221; use_icon_font_size=&#8221;on&#8221; icon_font_size=&#8221;44px&#8221; background_layout=&#8221;dark&#8221; header_level=&#8221;h3&#8243; circle_border_color=&#8221;#f0f2f3&#8243;]<\/p>\n<p>O nauce &#8211; to portal powsta\u0142y z my\u015bl\u0105 o upowszechnianiu wiedzy.<\/p>\n<p>[\/et_pb_blurb][\/et_pb_column][et_pb_column type=&#8221;1_3&#8243;][et_pb_blurb global_parent=&#8221;1226&#8243; _builder_version=&#8221;3.18.2&#8243; title=&#8221;Nasza wizja&#8221; use_icon=&#8221;on&#8221; font_icon=&#8221;%%164%%&#8221; icon_color=&#8221;#f0f2f3&#8243; use_circle=&#8221;on&#8221; icon_placement=&#8221;left&#8221; use_icon_font_size=&#8221;on&#8221; icon_font_size=&#8221;44px&#8221; background_layout=&#8221;dark&#8221; header_level=&#8221;h3&#8243; circle_border_color=&#8221;#f0f2f3&#8243;]<\/p>\n<p>Upowszechnia\u0107 wiedz\u0119 i pokazywa\u0107 to co za horyzontem.<\/p>\n<p>[\/et_pb_blurb][\/et_pb_column][et_pb_column type=&#8221;1_3&#8243;][et_pb_blurb global_parent=&#8221;1226&#8243; _builder_version=&#8221;3.18.2&#8243; title=&#8221;Zesp\u00f3\u0142 O-nauce.pl&#8221; use_icon=&#8221;on&#8221; font_icon=&#8221;%%149%%&#8221; icon_color=&#8221;#f0f2f3&#8243; use_circle=&#8221;on&#8221; icon_placement=&#8221;left&#8221; use_icon_font_size=&#8221;on&#8221; icon_font_size=&#8221;44px&#8221; background_layout=&#8221;dark&#8221; header_level=&#8221;h3&#8243; circle_border_color=&#8221;#f0f2f3&#8243; url_new_window=&#8221;on&#8221;]<\/p>\n<p>To ludzie \u017c\u0105dni by ca\u0142y czas poszerza\u0107 swoje horyzonty.<\/p>\n<p>[\/et_pb_blurb][\/et_pb_column][\/et_pb_row][\/et_pb_section]<\/p>\n","protected":false},"excerpt":{"rendered":"<p>O nauce &#8211; to portal powsta\u0142y z my\u015bl\u0105 o upowszechnianiu wiedzy. Upowszechnia\u0107 wiedz\u0119 i pokazywa\u0107 to co za horyzontem. To ludzie \u017c\u0105dni by ca\u0142y czas poszerza\u0107 swoje horyzonty.<\/p>\n","protected":false},"author":1,"featured_media":0,"parent":0,"menu_order":0,"comment_status":"closed","ping_status":"closed","template":"","meta":{"_et_pb_use_builder":"on","_et_pb_old_content":"","_et_gb_content_width":"","footnotes":""},"class_list":["post-1413","page","type-page","status-publish","hentry"],"_links":{"self":[{"href":"https:\/\/www.o-nauce.pl\/index.php?rest_route=\/wp\/v2\/pages\/1413","targetHints":{"allow":["GET"]}}],"collection":[{"href":"https:\/\/www.o-nauce.pl\/index.php?rest_route=\/wp\/v2\/pages"}],"about":[{"href":"https:\/\/www.o-nauce.pl\/index.php?rest_route=\/wp\/v2\/types\/page"}],"author":[{"embeddable":true,"href":"https:\/\/www.o-nauce.pl\/index.php?rest_route=\/wp\/v2\/users\/1"}],"replies":[{"embeddable":true,"href":"https:\/\/www.o-nauce.pl\/index.php?rest_route=%2Fwp%2Fv2%2Fcomments&post=1413"}],"version-history":[{"count":6,"href":"https:\/\/www.o-nauce.pl\/index.php?rest_route=\/wp\/v2\/pages\/1413\/revisions"}],"predecessor-version":[{"id":175124,"href":"https:\/\/www.o-nauce.pl\/index.php?rest_route=\/wp\/v2\/pages\/1413\/revisions\/175124"}],"wp:attachment":[{"href":"https:\/\/www.o-nauce.pl\/index.php?rest_route=%2Fwp%2Fv2%2Fmedia&parent=1413"}],"curies":[{"name":"wp","href":"https:\/\/api.w.org\/{rel}","templated":true}]}}