{"id":175069,"date":"2026-03-20T20:19:30","date_gmt":"2026-03-20T19:19:30","guid":{"rendered":"https:\/\/www.o-nauce.pl\/?page_id=175069"},"modified":"2026-03-23T17:42:16","modified_gmt":"2026-03-23T16:42:16","slug":"english","status":"publish","type":"page","link":"https:\/\/www.o-nauce.pl\/?page_id=175069","title":{"rendered":"English"},"content":{"rendered":"\n[et_pb_section fb_built=&#8221;1&#8243; _builder_version=&#8221;4.16&#8243; background_color=&#8221;#f0f2f3&#8243; background_image=&#8221;http:\/\/o-nauce.pl\/wp-content\/uploads\/2018\/12\/galerie.jpg&#8221; top_divider_style=&#8221;slant2&#8243; top_divider_flip=&#8221;horizontal&#8221; hover_enabled=&#8221;0&#8243; custom_css_before=&#8221;position:absolute;||top:25px;||left:-7px;||display:block;||content:%22Kategoria: Galerie%22;||color:#F0F2F3;||background-color:rgba(37,36,36,0.65);||padding:8px 25px;||border-radius:2px;||z-index:102!important;||font-size: 32px;||font-family: 'Merriweather&#8217;,Georgia,%22Times New Roman%22,serif;;||&#8221; global_colors_info=&#8221;{}&#8221; sticky_enabled=&#8221;0&#8243; prev_background_color=&#8221;#ffffff&#8221;][et_pb_row use_custom_gutter=&#8221;on&#8221; gutter_width=&#8221;2&#8243; _builder_version=&#8221;4.16&#8243; background_size=&#8221;initial&#8221; background_position=&#8221;top_left&#8221; background_repeat=&#8221;repeat&#8221; hover_enabled=&#8221;0&#8243; global_colors_info=&#8221;{}&#8221; sticky_enabled=&#8221;0&#8243;][et_pb_column type=&#8221;4_4&#8243; _builder_version=&#8221;4.16&#8243; custom_padding=&#8221;|||&#8221; global_colors_info=&#8221;{}&#8221; custom_padding__hover=&#8221;|||&#8221;][et_pb_blog fullwidth=&#8221;off&#8221; posts_number=&#8221;12&#8243; include_categories=&#8221;198&#8243; show_more=&#8221;on&#8221; show_author=&#8221;off&#8221; show_date=&#8221;off&#8221; show_categories=&#8221;off&#8221; module_id=&#8221;gridcard&#8221; _builder_version=&#8221;4.27.6&#8243; hover_enabled=&#8221;0&#8243; global_colors_info=&#8221;{}&#8221; sticky_enabled=&#8221;0&#8243;][\/et_pb_blog][\/et_pb_column][\/et_pb_row][\/et_pb_section][et_pb_section fb_built=&#8221;1&#8243; _builder_version=&#8221;3.18.2&#8243; background_color=&#8221;#2a5a53&#8243; custom_margin=&#8221;-392px|||||&#8221; top_divider_style=&#8221;slant2&#8243; top_divider_color=&#8221;#f0f2f3&#8243; top_divider_flip=&#8221;horizontal&#8221; top_divider_arrangement=&#8221;above_content&#8221; hover_enabled=&#8221;0&#8243; global_module=&#8221;1226&#8243; global_colors_info=&#8221;{}&#8221; sticky_enabled=&#8221;0&#8243;][et_pb_row column_structure=&#8221;1_3,1_3,1_3&#8243; _builder_version=&#8221;4.16&#8243; background_size=&#8221;initial&#8221; background_position=&#8221;top_left&#8221; background_repeat=&#8221;repeat&#8221; global_colors_info=&#8221;{}&#8221;][et_pb_column type=&#8221;1_3&#8243; _builder_version=&#8221;4.16&#8243; custom_padding=&#8221;|||&#8221; global_colors_info=&#8221;{}&#8221; custom_padding__hover=&#8221;|||&#8221;][et_pb_blurb title=&#8221;O nauce&#8221; use_icon=&#8221;on&#8221; font_icon=&#8221;&#xe00a;||divi||400&#8243; icon_color=&#8221;#f0f2f3&#8243; image_icon_background_color=&#8221;#2a5a53&#8243; icon_placement=&#8221;left&#8221; image_icon_width=&#8221;44px&#8221; _builder_version=&#8221;4.16&#8243; header_level=&#8221;h3&#8243; image_icon_custom_padding=&#8221;8px|8px|8px|8px|false|false&#8221; background_layout=&#8221;dark&#8221; border_radii_image=&#8221;on|100%|100%|100%|100%&#8221; icon_font_size=&#8221;44px&#8221; use_circle=&#8221;on&#8221; circle_border_color=&#8221;#f0f2f3&#8243; global_colors_info=&#8221;{}&#8221; image_icon_background_color__sticky_enabled=&#8221;#2a5a53&#8243; image_icon_background_color__sticky=&#8221;#2a5a53&#8243;]<p>O nauce \u2014 to portal stworzony z my\u015bl\u0105 o upowszechnianiu wiedzy.<\/p>[\/et_pb_blurb][\/et_pb_column][et_pb_column type=&#8221;1_3&#8243; _builder_version=&#8221;4.16&#8243; custom_padding=&#8221;|||&#8221; global_colors_info=&#8221;{}&#8221; custom_padding__hover=&#8221;|||&#8221;][et_pb_blurb title=&#8221;Nasza wizja&#8221; use_icon=&#8221;on&#8221; font_icon=&#8221;&#xe0e2;||divi||400&#8243; icon_color=&#8221;#f0f2f3&#8243; image_icon_background_color=&#8221;#2a5a53&#8243; icon_placement=&#8221;left&#8221; image_icon_width=&#8221;44px&#8221; _builder_version=&#8221;4.16&#8243; header_level=&#8221;h3&#8243; image_icon_custom_padding=&#8221;8px|8px|8px|8px|false|false&#8221; background_layout=&#8221;dark&#8221; border_radii_image=&#8221;on|100%|100%|100%|100%&#8221; icon_font_size=&#8221;44px&#8221; use_circle=&#8221;on&#8221; circle_border_color=&#8221;#f0f2f3&#8243; global_colors_info=&#8221;{}&#8221; image_icon_background_color__sticky_enabled=&#8221;#2a5a53&#8243; image_icon_background_color__sticky=&#8221;#2a5a53&#8243;]<p>Upowszechnia\u0107 wiedz\u0119, spogl\u0105daj\u0105c ponad horyzontem.<\/p>[\/et_pb_blurb][\/et_pb_column][et_pb_column type=&#8221;1_3&#8243; _builder_version=&#8221;4.16&#8243; custom_padding=&#8221;|||&#8221; global_colors_info=&#8221;{}&#8221; custom_padding__hover=&#8221;|||&#8221;][et_pb_blurb title=&#8221;Zesp\u00f3\u0142 O-nauce.pl&#8221; url_new_window=&#8221;on&#8221; use_icon=&#8221;on&#8221; font_icon=&#8221;&#xe108;||divi||400&#8243; icon_color=&#8221;#f0f2f3&#8243; image_icon_background_color=&#8221;#2a5a53&#8243; icon_placement=&#8221;left&#8221; image_icon_width=&#8221;44px&#8221; _builder_version=&#8221;4.16&#8243; header_level=&#8221;h3&#8243; image_icon_custom_padding=&#8221;8px|8px|8px|8px|false|false&#8221; background_layout=&#8221;dark&#8221; border_radii_image=&#8221;on|100%|100%|100%|100%&#8221; icon_font_size=&#8221;44px&#8221; use_circle=&#8221;on&#8221; circle_border_color=&#8221;#f0f2f3&#8243; global_colors_info=&#8221;{}&#8221; image_icon_background_color__sticky_enabled=&#8221;#2a5a53&#8243; image_icon_background_color__sticky=&#8221;#2a5a53&#8243;]<p>Ludzie, dla kt\u00f3rych warto\u015bci\u0105 jest wiedza i refleksja.<\/p>\n<p>\u00a0<\/p>\n<p>\u00a0<\/p>[\/et_pb_blurb][\/et_pb_column][\/et_pb_row][\/et_pb_section]\n","protected":false},"excerpt":{"rendered":"<p>O nauce \u2014 to portal stworzony z my\u015bl\u0105 o upowszechnianiu wiedzy.Upowszechnia\u0107 wiedz\u0119, spogl\u0105daj\u0105c ponad horyzontem.Ludzie, dla kt\u00f3rych warto\u015bci\u0105 jest wiedza i refleksja. \u00a0 \u00a0<\/p>\n","protected":false},"author":2,"featured_media":0,"parent":0,"menu_order":0,"comment_status":"closed","ping_status":"closed","template":"","meta":{"_et_pb_use_builder":"on","_et_pb_old_content":"","_et_gb_content_width":"","footnotes":""},"class_list":["post-175069","page","type-page","status-publish","hentry"],"_links":{"self":[{"href":"https:\/\/www.o-nauce.pl\/index.php?rest_route=\/wp\/v2\/pages\/175069","targetHints":{"allow":["GET"]}}],"collection":[{"href":"https:\/\/www.o-nauce.pl\/index.php?rest_route=\/wp\/v2\/pages"}],"about":[{"href":"https:\/\/www.o-nauce.pl\/index.php?rest_route=\/wp\/v2\/types\/page"}],"author":[{"embeddable":true,"href":"https:\/\/www.o-nauce.pl\/index.php?rest_route=\/wp\/v2\/users\/2"}],"replies":[{"embeddable":true,"href":"https:\/\/www.o-nauce.pl\/index.php?rest_route=%2Fwp%2Fv2%2Fcomments&post=175069"}],"version-history":[{"count":3,"href":"https:\/\/www.o-nauce.pl\/index.php?rest_route=\/wp\/v2\/pages\/175069\/revisions"}],"predecessor-version":[{"id":175131,"href":"https:\/\/www.o-nauce.pl\/index.php?rest_route=\/wp\/v2\/pages\/175069\/revisions\/175131"}],"wp:attachment":[{"href":"https:\/\/www.o-nauce.pl\/index.php?rest_route=%2Fwp%2Fv2%2Fmedia&parent=175069"}],"curies":[{"name":"wp","href":"https:\/\/api.w.org\/{rel}","templated":true}]}}